{"id":610,"date":"2023-09-01T11:00:50","date_gmt":"2023-09-01T11:00:50","guid":{"rendered":"https:\/\/casa-tesoro.de\/?page_id=610"},"modified":"2023-11-06T15:47:18","modified_gmt":"2023-11-06T15:47:18","slug":"straende","status":"publish","type":"page","link":"https:\/\/casa-tesoro.de\/?page_id=610","title":{"rendered":"Str\u00e4nde"},"content":{"rendered":"\t\t<div data-elementor-type=\"wp-page\" data-elementor-id=\"610\" class=\"elementor elementor-610\" data-elementor-post-type=\"page\">\n\t\t\t\t<div class=\"elementor-element elementor-element-4e01706 e-flex e-con-boxed e-con e-parent\" data-id=\"4e01706\" data-element_type=\"container\" data-e-type=\"container\">\n\t\t\t\t\t<div class=\"e-con-inner\">\n\t\t\t\t<div class=\"elementor-element elementor-element-2e61ea2 elementor-widget elementor-widget-spacer\" data-id=\"2e61ea2\" data-element_type=\"widget\" data-e-type=\"widget\" data-widget_type=\"spacer.default\">\n\t\t\t\t<div class=\"elementor-widget-container\">\n\t\t\t\t\t\t\t<div class=\"elementor-spacer\">\n\t\t\t<div class=\"elementor-spacer-inner\"><\/div>\n\t\t<\/div>\n\t\t\t\t\t\t<\/div>\n\t\t\t\t<\/div>\n\t\t\t\t<div class=\"elementor-element elementor-element-b0796b0 elementor-widget elementor-widget-heading\" data-id=\"b0796b0\" data-element_type=\"widget\" data-e-type=\"widget\" data-widget_type=\"heading.default\">\n\t\t\t\t<div class=\"elementor-widget-container\">\n\t\t\t\t\t<h2 class=\"elementor-heading-title elementor-size-default\">Str\u00e4nde<\/h2>\t\t\t\t<\/div>\n\t\t\t\t<\/div>\n\t\t\t\t\t<\/div>\n\t\t\t\t<\/div>\n\t\t\t\t<section class=\"elementor-section elementor-top-section elementor-element elementor-element-2caa91c4 elementor-section-boxed elementor-section-height-default elementor-section-height-default\" data-id=\"2caa91c4\" data-element_type=\"section\" data-e-type=\"section\">\n\t\t\t\t\t\t<div class=\"elementor-container elementor-column-gap-default\">\n\t\t\t\t\t<div class=\"elementor-column elementor-col-100 elementor-top-column elementor-element elementor-element-56035267\" data-id=\"56035267\" data-element_type=\"column\" data-e-type=\"column\">\n\t\t\t<div class=\"elementor-widget-wrap elementor-element-populated\">\n\t\t\t\t\t\t<div class=\"elementor-element elementor-element-2854496e elementor-invisible elementor-widget elementor-widget-image\" data-id=\"2854496e\" data-element_type=\"widget\" data-e-type=\"widget\" data-settings=\"{&quot;_animation&quot;:&quot;zoomIn&quot;}\" data-widget_type=\"image.default\">\n\t\t\t\t<div class=\"elementor-widget-container\">\n\t\t\t\t\t\t\t\t\t\t\t\t\t\t\t<img fetchpriority=\"high\" decoding=\"async\" width=\"768\" height=\"1024\" src=\"https:\/\/casa-tesoro.de\/wp-content\/uploads\/2023\/08\/Strand_finale_ligure.jpeg\" class=\"attachment-medium_large size-medium_large wp-image-575\" alt=\"\" srcset=\"https:\/\/casa-tesoro.de\/wp-content\/uploads\/2023\/08\/Strand_finale_ligure.jpeg 768w, https:\/\/casa-tesoro.de\/wp-content\/uploads\/2023\/08\/Strand_finale_ligure-225x300.jpeg 225w\" sizes=\"(max-width: 768px) 100vw, 768px\" \/>\t\t\t\t\t\t\t\t\t\t\t\t\t\t\t<\/div>\n\t\t\t\t<\/div>\n\t\t\t\t<div class=\"elementor-element elementor-element-4c354b0 elementor-widget elementor-widget-text-editor\" data-id=\"4c354b0\" data-element_type=\"widget\" data-e-type=\"widget\" data-widget_type=\"text-editor.default\">\n\t\t\t\t<div class=\"elementor-widget-container\">\n\t\t\t\t\t\t\t\t\t<div class=\"elementor-element-overlay\"><p><strong style=\"font-size: 16px;\">1. Spiagga libera Finale Ligure<\/strong><\/p><\/div><div class=\"elementor-widget-container\"><div class=\"elementor-text-editor elementor-clearfix elementor-inline-editing\" data-elementor-setting-key=\"editor\" data-elementor-inline-editing-toolbar=\"advanced\"><p>Wundersch\u00f6ner feiner Kiesstrand mit ausgezeichneter Wasserqualit\u00e4t. Die Bucht mit dem \u00f6ffentlichen Strand ist durch einen kurzen Tunnel von den kommerziellen Bagni getrennt. Der Strand liegt direkt an der Stra\u00dfe (die aber nicht st\u00f6rt) und ist zu beiden Seiten idyllisch von zweit Ruinen auf den Felsen eingerahmt. <br \/>Essen: in der Mitte des Strandes gibt es eine kleine Bar in der man frische Foccacia, abgepacktes Eis und k\u00fchle Getr\u00e4nke zu erschwinglichen Preisen erh\u00e4lt. <br \/>Parken: Parkplatz Punta Est oder Parcheggio Via del Santuario in Finale Ligure. Von dort sind es ca. 400m bis zum Strand.<\/p><\/div><\/div>\t\t\t\t\t\t\t\t<\/div>\n\t\t\t\t<\/div>\n\t\t\t\t<div class=\"elementor-element elementor-element-2d27fcd5 elementor-invisible elementor-widget elementor-widget-image\" data-id=\"2d27fcd5\" data-element_type=\"widget\" data-e-type=\"widget\" data-settings=\"{&quot;_animation&quot;:&quot;zoomIn&quot;}\" data-widget_type=\"image.default\">\n\t\t\t\t<div class=\"elementor-widget-container\">\n\t\t\t\t\t\t\t\t\t\t\t\t\t\t\t<img decoding=\"async\" width=\"1024\" height=\"768\" src=\"https:\/\/casa-tesoro.de\/wp-content\/uploads\/2023\/08\/strans_san_lorenzo.jpeg\" class=\"attachment-large size-large wp-image-577\" alt=\"\" srcset=\"https:\/\/casa-tesoro.de\/wp-content\/uploads\/2023\/08\/strans_san_lorenzo.jpeg 1024w, https:\/\/casa-tesoro.de\/wp-content\/uploads\/2023\/08\/strans_san_lorenzo-300x225.jpeg 300w, https:\/\/casa-tesoro.de\/wp-content\/uploads\/2023\/08\/strans_san_lorenzo-768x576.jpeg 768w\" sizes=\"(max-width: 1024px) 100vw, 1024px\" \/>\t\t\t\t\t\t\t\t\t\t\t\t\t\t\t<\/div>\n\t\t\t\t<\/div>\n\t\t\t\t<div class=\"elementor-element elementor-element-2f8d13e elementor-widget elementor-widget-text-editor\" data-id=\"2f8d13e\" data-element_type=\"widget\" data-e-type=\"widget\" data-widget_type=\"text-editor.default\">\n\t\t\t\t<div class=\"elementor-widget-container\">\n\t\t\t\t\t\t\t\t\t<p><strong>2. Spiaggia libera San Lorenzo al Mare<\/strong><br \/>Feiner Sandstrand in einer kleinen h\u00fcbschen Bucht direkt am Ort San Lorenzo al Mare. Etwa die H\u00e4lfte ist \u00f6ffentlicher Strand, im August ist es entsprechend voll. Auch am \u00f6ffentlichen Strand k\u00f6nnen Liegen f\u00fcr 6\u20ac am Tag gemietet werden (muss man aber nicht). <br \/>Essen: da der Strand direkt an den kleinen Ort anschlie\u00dft gibt es verschiedenste M\u00f6glichkeiten sich vor Ort was zu holen. Direkt am Strand gibt es auch eine Strandbar\/Restaurant in der es Fritto Misto f\u00fcr 10\u20ac gibt. <br \/>Parken: Parkplatz Via alla Stationen 2 oder Piazza Luigi Lagorio 1 in San Lorenzo al Mare. Von dort sind es ca. 500m durch die h\u00fcbsche Altstadt.<\/p>\t\t\t\t\t\t\t\t<\/div>\n\t\t\t\t<\/div>\n\t\t\t\t<div class=\"elementor-element elementor-element-2661fd85 elementor-widget elementor-widget-image\" data-id=\"2661fd85\" data-element_type=\"widget\" data-e-type=\"widget\" data-widget_type=\"image.default\">\n\t\t\t\t<div class=\"elementor-widget-container\">\n\t\t\t\t\t\t\t\t\t\t\t\t\t\t\t<img decoding=\"async\" width=\"1024\" height=\"768\" src=\"https:\/\/casa-tesoro.de\/wp-content\/uploads\/2023\/08\/strand_diano_marina.jpeg\" class=\"attachment-large size-large wp-image-578\" alt=\"\" srcset=\"https:\/\/casa-tesoro.de\/wp-content\/uploads\/2023\/08\/strand_diano_marina.jpeg 1024w, https:\/\/casa-tesoro.de\/wp-content\/uploads\/2023\/08\/strand_diano_marina-300x225.jpeg 300w, https:\/\/casa-tesoro.de\/wp-content\/uploads\/2023\/08\/strand_diano_marina-768x576.jpeg 768w\" sizes=\"(max-width: 1024px) 100vw, 1024px\" \/>\t\t\t\t\t\t\t\t\t\t\t\t\t\t\t<\/div>\n\t\t\t\t<\/div>\n\t\t\t\t<div class=\"elementor-element elementor-element-851423e elementor-widget elementor-widget-text-editor\" data-id=\"851423e\" data-element_type=\"widget\" data-e-type=\"widget\" data-widget_type=\"text-editor.default\">\n\t\t\t\t<div class=\"elementor-widget-container\">\n\t\t\t\t\t\t\t\t\t<p><strong>3. Spiaggia Libera Diano Marina<\/strong> <br \/>Sehr feiner Sandstrand in einer eigenen kleinen Bucht direkt in Diano Marina. Praktisch wenn man auch ein bisschen Sight Seeing im Ort machen will und schnell mal einen Caf\u00e9 oder einen Snack zwischendurch holen will. Hinter den Strand gibt es einen sch\u00f6nen kleinen Pinienhain, der wirklich sehr guten Schatten spendet, wenn es einem zu warm wird. <br \/>Im Wasser bleibt es sehr lange sehr flach, daher besonders gut f\u00fcrs Baden mit kleinen Kindern geeignet. <br \/>Essen: Unz\u00e4hlige M\u00f6glichkeiten sich was zu Essen zu holen. Besonders zu empfehlen ist der \u00f6rtliche Fischladen bei dem man sich auf dem Nachhauseweg frischen Fisch f\u00fcrs Abendessen mitnehmen sollte. <br \/>Parken: Parcheggio Via Locus Romani 16 oder hinter dem Bahnhof ( Via dello Schiavo 7). Von dort ist es ein kurzer Spaziergang durch die Innenstadt. Ca. 5 min.<\/p>\t\t\t\t\t\t\t\t<\/div>\n\t\t\t\t<\/div>\n\t\t\t\t<div class=\"elementor-element elementor-element-518d7ab elementor-widget elementor-widget-text-editor\" data-id=\"518d7ab\" data-element_type=\"widget\" data-e-type=\"widget\" data-widget_type=\"text-editor.default\">\n\t\t\t\t<div class=\"elementor-widget-container\">\n\t\t\t\t\t\t\t\t\t<p><strong>4. Spiagga Libera Laigueglia<\/strong><br \/>Die Spiagga Libera ist ein kleiner, sch\u00f6ner Sandstrandabschnitt direkt vor Laigueglia. Kostenlos parken kann man entlang der Strada Stadale 1 ortsausw\u00e4rts Richtung Albenga. Der K\u00fcstenort l\u00e4dt zum Schlendern ein. Unbedingt muss der kleinen Focacceria \u201eLa Teglia\u201c in der Via Dante Alighieri ein Besuch abgestattet werden, die vom Strand nur rund 100 Meter entfernt ist. Hier gibt es nicht nur Brot und Br\u00f6tchen, sondern auch gef\u00fcllte sowie belegte Focaccia mit Gem\u00fcse, Pesto, Schinken, K\u00e4se etc. sowie ligurische Farinata (eine Art herzhafter \u201ePfannkuchen\u201c aus Kichererbsenmehl), die zum Essen auch aufgew\u00e4rmt werden.<\/p>\t\t\t\t\t\t\t\t<\/div>\n\t\t\t\t<\/div>\n\t\t\t\t<div class=\"elementor-element elementor-element-4861ad9 elementor-widget elementor-widget-image\" data-id=\"4861ad9\" data-element_type=\"widget\" data-e-type=\"widget\" data-widget_type=\"image.default\">\n\t\t\t\t<div class=\"elementor-widget-container\">\n\t\t\t\t\t\t\t\t\t\t\t\t\t\t\t<img loading=\"lazy\" decoding=\"async\" width=\"768\" height=\"1024\" src=\"https:\/\/casa-tesoro.de\/wp-content\/uploads\/2023\/11\/Vasca_am_Strand-768x1024.jpg\" class=\"attachment-large size-large wp-image-979\" alt=\"\" srcset=\"https:\/\/casa-tesoro.de\/wp-content\/uploads\/2023\/11\/Vasca_am_Strand-768x1024.jpg 768w, https:\/\/casa-tesoro.de\/wp-content\/uploads\/2023\/11\/Vasca_am_Strand-225x300.jpg 225w, https:\/\/casa-tesoro.de\/wp-content\/uploads\/2023\/11\/Vasca_am_Strand-1152x1536.jpg 1152w, https:\/\/casa-tesoro.de\/wp-content\/uploads\/2023\/11\/Vasca_am_Strand-rotated.jpg 1512w\" sizes=\"(max-width: 768px) 100vw, 768px\" \/>\t\t\t\t\t\t\t\t\t\t\t\t\t\t\t<\/div>\n\t\t\t\t<\/div>\n\t\t\t\t\t<\/div>\n\t\t<\/div>\n\t\t\t\t\t<\/div>\n\t\t<\/section>\n\t\t\t\t<\/div>\n\t\t","protected":false},"excerpt":{"rendered":"<p>Str\u00e4nde 1. Spiagga libera Finale Ligure Wundersch\u00f6ner feiner Kiesstrand mit ausgezeichneter Wasserqualit\u00e4t. Die Bucht mit dem \u00f6ffentlichen Strand ist durch einen kurzen Tunnel von den kommerziellen Bagni getrennt. Der Strand liegt direkt an der Stra\u00dfe (die aber nicht st\u00f6rt) und ist zu beiden Seiten idyllisch von zweit Ruinen auf den Felsen eingerahmt. Essen: in der [&hellip;]<\/p>\n","protected":false},"author":1,"featured_media":0,"parent":0,"menu_order":0,"comment_status":"closed","ping_status":"closed","template":"","meta":{"site-sidebar-layout":"no-sidebar","site-content-layout":"page-builder","ast-site-content-layout":"","site-content-style":"default","site-sidebar-style":"default","ast-global-header-display":"","ast-banner-title-visibility":"","ast-main-header-display":"","ast-hfb-above-header-display":"","ast-hfb-below-header-display":"","ast-hfb-mobile-header-display":"","site-post-title":"disabled","ast-breadcrumbs-content":"","ast-featured-img":"disabled","footer-sml-layout":"","theme-transparent-header-meta":"","adv-header-id-meta":"","stick-header-meta":"","header-above-stick-meta":"","header-main-stick-meta":"","header-below-stick-meta":"","astra-migrate-meta-layouts":"default","ast-page-background-enabled":"default","ast-page-background-meta":{"desktop":{"background-color":"var(--ast-global-color-4)","background-image":"","background-repeat":"repeat","background-position":"center center","background-size":"auto","background-attachment":"scroll","background-type":"","background-media":"","overlay-type":"","overlay-color":"","overlay-opacity":"","overlay-gradient":""},"tablet":{"background-color":"","background-image":"","background-repeat":"repeat","background-position":"center center","background-size":"auto","background-attachment":"scroll","background-type":"","background-media":"","overlay-type":"","overlay-color":"","overlay-opacity":"","overlay-gradient":""},"mobile":{"background-color":"","background-image":"","background-repeat":"repeat","background-position":"center center","background-size":"auto","background-attachment":"scroll","background-type":"","background-media":"","overlay-type":"","overlay-color":"","overlay-opacity":"","overlay-gradient":""}},"ast-content-background-meta":{"desktop":{"background-color":"var(--ast-global-color-5)","background-image":"","background-repeat":"repeat","background-position":"center center","background-size":"auto","background-attachment":"scroll","background-type":"","background-media":"","overlay-type":"","overlay-color":"","overlay-opacity":"","overlay-gradient":""},"tablet":{"background-color":"var(--ast-global-color-5)","background-image":"","background-repeat":"repeat","background-position":"center center","background-size":"auto","background-attachment":"scroll","background-type":"","background-media":"","overlay-type":"","overlay-color":"","overlay-opacity":"","overlay-gradient":""},"mobile":{"background-color":"var(--ast-global-color-5)","background-image":"","background-repeat":"repeat","background-position":"center center","background-size":"auto","background-attachment":"scroll","background-type":"","background-media":"","overlay-type":"","overlay-color":"","overlay-opacity":"","overlay-gradient":""}},"footnotes":""},"class_list":["post-610","page","type-page","status-publish","hentry"],"_links":{"self":[{"href":"https:\/\/casa-tesoro.de\/index.php?rest_route=\/wp\/v2\/pages\/610","targetHints":{"allow":["GET"]}}],"collection":[{"href":"https:\/\/casa-tesoro.de\/index.php?rest_route=\/wp\/v2\/pages"}],"about":[{"href":"https:\/\/casa-tesoro.de\/index.php?rest_route=\/wp\/v2\/types\/page"}],"author":[{"embeddable":true,"href":"https:\/\/casa-tesoro.de\/index.php?rest_route=\/wp\/v2\/users\/1"}],"replies":[{"embeddable":true,"href":"https:\/\/casa-tesoro.de\/index.php?rest_route=%2Fwp%2Fv2%2Fcomments&post=610"}],"version-history":[{"count":25,"href":"https:\/\/casa-tesoro.de\/index.php?rest_route=\/wp\/v2\/pages\/610\/revisions"}],"predecessor-version":[{"id":982,"href":"https:\/\/casa-tesoro.de\/index.php?rest_route=\/wp\/v2\/pages\/610\/revisions\/982"}],"wp:attachment":[{"href":"https:\/\/casa-tesoro.de\/index.php?rest_route=%2Fwp%2Fv2%2Fmedia&parent=610"}],"curies":[{"name":"wp","href":"https:\/\/api.w.org\/{rel}","templated":true}]}}