{"id":612,"date":"2023-09-01T11:01:05","date_gmt":"2023-09-01T11:01:05","guid":{"rendered":"https:\/\/casa-tesoro.de\/?page_id=612"},"modified":"2023-11-06T15:45:58","modified_gmt":"2023-11-06T15:45:58","slug":"wanderungen","status":"publish","type":"page","link":"https:\/\/casa-tesoro.de\/?page_id=612","title":{"rendered":"Wanderungen"},"content":{"rendered":"\t\t<div data-elementor-type=\"wp-page\" data-elementor-id=\"612\" class=\"elementor elementor-612\" data-elementor-post-type=\"page\">\n\t\t\t\t<div class=\"elementor-element elementor-element-f7f45ee e-flex e-con-boxed e-con e-parent\" data-id=\"f7f45ee\" data-element_type=\"container\" data-e-type=\"container\">\n\t\t\t\t\t<div class=\"e-con-inner\">\n\t\t\t\t<div class=\"elementor-element elementor-element-0b0263a elementor-widget elementor-widget-spacer\" data-id=\"0b0263a\" data-element_type=\"widget\" data-e-type=\"widget\" data-widget_type=\"spacer.default\">\n\t\t\t\t<div class=\"elementor-widget-container\">\n\t\t\t\t\t\t\t<div class=\"elementor-spacer\">\n\t\t\t<div class=\"elementor-spacer-inner\"><\/div>\n\t\t<\/div>\n\t\t\t\t\t\t<\/div>\n\t\t\t\t<\/div>\n\t\t\t\t<div class=\"elementor-element elementor-element-e460d5a elementor-widget elementor-widget-heading\" data-id=\"e460d5a\" data-element_type=\"widget\" data-e-type=\"widget\" data-widget_type=\"heading.default\">\n\t\t\t\t<div class=\"elementor-widget-container\">\n\t\t\t\t\t<h2 class=\"elementor-heading-title elementor-size-default\">Wanderungen<\/h2>\t\t\t\t<\/div>\n\t\t\t\t<\/div>\n\t\t\t\t\t<\/div>\n\t\t\t\t<\/div>\n\t\t\t\t<section class=\"elementor-section elementor-top-section elementor-element elementor-element-71c7cbdb elementor-section-boxed elementor-section-height-default elementor-section-height-default\" data-id=\"71c7cbdb\" data-element_type=\"section\" data-e-type=\"section\">\n\t\t\t\t\t\t<div class=\"elementor-container elementor-column-gap-default\">\n\t\t\t\t\t<div class=\"elementor-column elementor-col-50 elementor-top-column elementor-element elementor-element-1bf572ac\" data-id=\"1bf572ac\" data-element_type=\"column\" data-e-type=\"column\">\n\t\t\t<div class=\"elementor-widget-wrap elementor-element-populated\">\n\t\t\t\t\t\t<div class=\"elementor-element elementor-element-6d5a433 elementor-invisible elementor-widget elementor-widget-image\" data-id=\"6d5a433\" data-element_type=\"widget\" data-e-type=\"widget\" data-settings=\"{&quot;_animation&quot;:&quot;zoomIn&quot;}\" data-widget_type=\"image.default\">\n\t\t\t\t<div class=\"elementor-widget-container\">\n\t\t\t\t\t\t\t\t\t\t\t\t\t\t\t<img fetchpriority=\"high\" decoding=\"async\" width=\"768\" height=\"1024\" src=\"https:\/\/casa-tesoro.de\/wp-content\/uploads\/2023\/11\/Wanderung_2-768x1024.jpg\" class=\"attachment-large size-large wp-image-975\" alt=\"\" srcset=\"https:\/\/casa-tesoro.de\/wp-content\/uploads\/2023\/11\/Wanderung_2-768x1024.jpg 768w, https:\/\/casa-tesoro.de\/wp-content\/uploads\/2023\/11\/Wanderung_2-225x300.jpg 225w, https:\/\/casa-tesoro.de\/wp-content\/uploads\/2023\/11\/Wanderung_2-1152x1536.jpg 1152w, https:\/\/casa-tesoro.de\/wp-content\/uploads\/2023\/11\/Wanderung_2-rotated.jpg 1512w\" sizes=\"(max-width: 768px) 100vw, 768px\" \/>\t\t\t\t\t\t\t\t\t\t\t\t\t\t\t<\/div>\n\t\t\t\t<\/div>\n\t\t\t\t<div class=\"elementor-element elementor-element-9622e89 elementor-invisible elementor-widget elementor-widget-text-editor\" data-id=\"9622e89\" data-element_type=\"widget\" data-e-type=\"widget\" data-settings=\"{&quot;_animation&quot;:&quot;slideInUp&quot;}\" data-widget_type=\"text-editor.default\">\n\t\t\t\t<div class=\"elementor-widget-container\">\n\t\t\t\t\t\t\t\t\t<p style=\"font-weight: 400;\"><u>\u201e3-Gipfel-Tour\u201c<\/u> \u00fcber den Poggio du Lovegno, den Monte Frascinello und die Punta Alto bis zur Madonna della Neve und \u00fcber den Forstweg zur\u00fcck zur Casa Leykauf.<\/p><p style=\"font-weight: 400;\">L\u00e4nge: ca. 10 Kilometer, 390 H\u00f6henmeter<\/p><p style=\"font-weight: 400;\">Wegmarkierung: Rotes Dreieck<\/p><p style=\"font-weight: 400;\">In der ersten Wegh\u00e4lfte \u00fcberwiegend schmale Pfade, die gutes Schuhwerk und Trittsicherheit erfordern und immer wieder tolle Ausblicke auf die umliegenden Berge und die K\u00fcste bieten.<\/p><p style=\"font-weight: 400;\"><a href=\"https:\/\/www.komoot.de\/tour\/1115321982?ref=itd&amp;share_token=apnOBQIPIc1Y6fd8Fi1X7vBNxtIjuJf20iIVE6JARwIin4AlqC\">https:\/\/www.komoot.de\/tour\/1115321982?ref=itd&amp;share_token=apnOBQIPIc1Y6fd8Fi1X7vBNxtIjuJf20iIVE6JARwIin4AlqC<\/a><\/p><p style=\"font-weight: 400;\"><strong><u>\u00a0<\/u><\/strong><\/p><p style=\"font-weight: 400;\"><u>\u201eWanderung nach Pieve di Teco\u201c<\/u> \u00fcber Stock und \u00fcber Stein auf \u00fcberwiegend naturbelassenen Pfaden mit sch\u00f6nen Aussichten ins Tal. Unterhalb des Sendemasts kann ein Stopp am Friedhof von Lovegno eingelegt werden. Die einfache Wegstrecke nach und von Pieve di Teco ist in ca. einer Stunde gegangen.<\/p><p style=\"font-weight: 400;\">L\u00e4nge: ca. 5,4 Kilometer, 460 H\u00f6henmeter<\/p><p style=\"font-weight: 400;\"><a href=\"https:\/\/www.komoot.de\/tour\/1123952212?share_token=aaZ8uADfjwXuCipGOg34B1qarDJ2aZQdxoO5CIO0Hlb39Ivm2Y&amp;ref=wtd\">https:\/\/www.komoot.de\/tour\/1123952212?share_token=aaZ8uADfjwXuCipGOg34B1qarDJ2aZQdxoO5CIO0Hlb39Ivm2Y&amp;ref=wtd<\/a><u> <br \/><\/u><\/p><p style=\"font-weight: 400;\">\u00a0<\/p>\t\t\t\t\t\t\t\t<\/div>\n\t\t\t\t<\/div>\n\t\t\t\t\t<\/div>\n\t\t<\/div>\n\t\t\t\t<div class=\"elementor-column elementor-col-50 elementor-top-column elementor-element elementor-element-53130d15\" data-id=\"53130d15\" data-element_type=\"column\" data-e-type=\"column\">\n\t\t\t<div class=\"elementor-widget-wrap elementor-element-populated\">\n\t\t\t\t\t\t<div class=\"elementor-element elementor-element-2dba01d8 elementor-invisible elementor-widget elementor-widget-image\" data-id=\"2dba01d8\" data-element_type=\"widget\" data-e-type=\"widget\" data-settings=\"{&quot;_animation&quot;:&quot;zoomIn&quot;}\" data-widget_type=\"image.default\">\n\t\t\t\t<div class=\"elementor-widget-container\">\n\t\t\t\t\t\t\t\t\t\t\t\t\t\t\t<img decoding=\"async\" width=\"768\" height=\"1024\" src=\"https:\/\/casa-tesoro.de\/wp-content\/uploads\/2023\/08\/IMG_0056-768x1024.jpg\" class=\"attachment-large size-large wp-image-562\" alt=\"\" srcset=\"https:\/\/casa-tesoro.de\/wp-content\/uploads\/2023\/08\/IMG_0056-768x1024.jpg 768w, https:\/\/casa-tesoro.de\/wp-content\/uploads\/2023\/08\/IMG_0056-225x300.jpg 225w, https:\/\/casa-tesoro.de\/wp-content\/uploads\/2023\/08\/IMG_0056-1152x1536.jpg 1152w, https:\/\/casa-tesoro.de\/wp-content\/uploads\/2023\/08\/IMG_0056-rotated.jpg 1512w\" sizes=\"(max-width: 768px) 100vw, 768px\" \/>\t\t\t\t\t\t\t\t\t\t\t\t\t\t\t<\/div>\n\t\t\t\t<\/div>\n\t\t\t\t<div class=\"elementor-element elementor-element-5b1f6ee8 elementor-invisible elementor-widget elementor-widget-image\" data-id=\"5b1f6ee8\" data-element_type=\"widget\" data-e-type=\"widget\" data-settings=\"{&quot;_animation&quot;:&quot;zoomIn&quot;}\" data-widget_type=\"image.default\">\n\t\t\t\t<div class=\"elementor-widget-container\">\n\t\t\t\t\t\t\t\t\t\t\t\t\t\t\t<img decoding=\"async\" width=\"640\" height=\"480\" src=\"https:\/\/casa-tesoro.de\/wp-content\/uploads\/2023\/04\/Berge.jpg\" class=\"attachment-large size-large wp-image-454\" alt=\"\" srcset=\"https:\/\/casa-tesoro.de\/wp-content\/uploads\/2023\/04\/Berge.jpg 640w, https:\/\/casa-tesoro.de\/wp-content\/uploads\/2023\/04\/Berge-300x225.jpg 300w\" sizes=\"(max-width: 640px) 100vw, 640px\" \/>\t\t\t\t\t\t\t\t\t\t\t\t\t\t\t<\/div>\n\t\t\t\t<\/div>\n\t\t\t\t\t<\/div>\n\t\t<\/div>\n\t\t\t\t\t<\/div>\n\t\t<\/section>\n\t\t\t\t<\/div>\n\t\t","protected":false},"excerpt":{"rendered":"<p>Wanderungen \u201e3-Gipfel-Tour\u201c \u00fcber den Poggio du Lovegno, den Monte Frascinello und die Punta Alto bis zur Madonna della Neve und \u00fcber den Forstweg zur\u00fcck zur Casa Leykauf. L\u00e4nge: ca. 10 Kilometer, 390 H\u00f6henmeter Wegmarkierung: Rotes Dreieck In der ersten Wegh\u00e4lfte \u00fcberwiegend schmale Pfade, die gutes Schuhwerk und Trittsicherheit erfordern und immer wieder tolle Ausblicke auf [&hellip;]<\/p>\n","protected":false},"author":1,"featured_media":0,"parent":0,"menu_order":0,"comment_status":"closed","ping_status":"closed","template":"","meta":{"site-sidebar-layout":"no-sidebar","site-content-layout":"page-builder","ast-site-content-layout":"","site-content-style":"default","site-sidebar-style":"default","ast-global-header-display":"","ast-banner-title-visibility":"","ast-main-header-display":"","ast-hfb-above-header-display":"","ast-hfb-below-header-display":"","ast-hfb-mobile-header-display":"","site-post-title":"disabled","ast-breadcrumbs-content":"","ast-featured-img":"disabled","footer-sml-layout":"","theme-transparent-header-meta":"","adv-header-id-meta":"","stick-header-meta":"","header-above-stick-meta":"","header-main-stick-meta":"","header-below-stick-meta":"","astra-migrate-meta-layouts":"default","ast-page-background-enabled":"default","ast-page-background-meta":{"desktop":{"background-color":"var(--ast-global-color-4)","background-image":"","background-repeat":"repeat","background-position":"center center","background-size":"auto","background-attachment":"scroll","background-type":"","background-media":"","overlay-type":"","overlay-color":"","overlay-opacity":"","overlay-gradient":""},"tablet":{"background-color":"","background-image":"","background-repeat":"repeat","background-position":"center center","background-size":"auto","background-attachment":"scroll","background-type":"","background-media":"","overlay-type":"","overlay-color":"","overlay-opacity":"","overlay-gradient":""},"mobile":{"background-color":"","background-image":"","background-repeat":"repeat","background-position":"center center","background-size":"auto","background-attachment":"scroll","background-type":"","background-media":"","overlay-type":"","overlay-color":"","overlay-opacity":"","overlay-gradient":""}},"ast-content-background-meta":{"desktop":{"background-color":"var(--ast-global-color-5)","background-image":"","background-repeat":"repeat","background-position":"center center","background-size":"auto","background-attachment":"scroll","background-type":"","background-media":"","overlay-type":"","overlay-color":"","overlay-opacity":"","overlay-gradient":""},"tablet":{"background-color":"var(--ast-global-color-5)","background-image":"","background-repeat":"repeat","background-position":"center center","background-size":"auto","background-attachment":"scroll","background-type":"","background-media":"","overlay-type":"","overlay-color":"","overlay-opacity":"","overlay-gradient":""},"mobile":{"background-color":"var(--ast-global-color-5)","background-image":"","background-repeat":"repeat","background-position":"center center","background-size":"auto","background-attachment":"scroll","background-type":"","background-media":"","overlay-type":"","overlay-color":"","overlay-opacity":"","overlay-gradient":""}},"footnotes":""},"class_list":["post-612","page","type-page","status-publish","hentry"],"_links":{"self":[{"href":"https:\/\/casa-tesoro.de\/index.php?rest_route=\/wp\/v2\/pages\/612","targetHints":{"allow":["GET"]}}],"collection":[{"href":"https:\/\/casa-tesoro.de\/index.php?rest_route=\/wp\/v2\/pages"}],"about":[{"href":"https:\/\/casa-tesoro.de\/index.php?rest_route=\/wp\/v2\/types\/page"}],"author":[{"embeddable":true,"href":"https:\/\/casa-tesoro.de\/index.php?rest_route=\/wp\/v2\/users\/1"}],"replies":[{"embeddable":true,"href":"https:\/\/casa-tesoro.de\/index.php?rest_route=%2Fwp%2Fv2%2Fcomments&post=612"}],"version-history":[{"count":13,"href":"https:\/\/casa-tesoro.de\/index.php?rest_route=\/wp\/v2\/pages\/612\/revisions"}],"predecessor-version":[{"id":978,"href":"https:\/\/casa-tesoro.de\/index.php?rest_route=\/wp\/v2\/pages\/612\/revisions\/978"}],"wp:attachment":[{"href":"https:\/\/casa-tesoro.de\/index.php?rest_route=%2Fwp%2Fv2%2Fmedia&parent=612"}],"curies":[{"name":"wp","href":"https:\/\/api.w.org\/{rel}","templated":true}]}}